{"id":2,"date":"2026-03-13T05:42:40","date_gmt":"2026-03-13T05:42:40","guid":{"rendered":"http:\/\/bernau1100.de\/?page_id=2"},"modified":"2026-03-15T07:50:26","modified_gmt":"2026-03-15T06:50:26","slug":"programm","status":"publish","type":"page","link":"https:\/\/bernau1100.de\/?page_id=2","title":{"rendered":"Programm Festzelt zur 1100 Jahrfeier Bernau"},"content":{"rendered":"\n<p class=\"has-text-align-center\">von Donnerstag, 16.07. bis Montag, 20.07.2026<br>Veranstalter: Gewerbeverein Bernau e.V.<br>Schirmherrin: 1. B\u00fcrgermeisterin Irene Biebl-Daiber<\/p>\n\n\n\n<p class=\"has-text-align-center\">(vorl\u00e4ufiges Programm)<\/p>\n\n\n\n<figure class=\"wp-block-image aligncenter size-large is-resized\"><img loading=\"lazy\" decoding=\"async\" width=\"1024\" height=\"1024\" src=\"https:\/\/bernau1100.de\/wp-content\/uploads\/2026\/03\/bernau_1100_logo-1024x1024.png\" alt=\"Jubilarlogo Gemeinde Bernau 1100 Jahre\" class=\"wp-image-19\" style=\"width:232px;height:auto\" srcset=\"https:\/\/bernau1100.de\/wp-content\/uploads\/2026\/03\/bernau_1100_logo-1024x1024.png 1024w, https:\/\/bernau1100.de\/wp-content\/uploads\/2026\/03\/bernau_1100_logo-300x300.png 300w, https:\/\/bernau1100.de\/wp-content\/uploads\/2026\/03\/bernau_1100_logo-150x150.png 150w, https:\/\/bernau1100.de\/wp-content\/uploads\/2026\/03\/bernau_1100_logo-768x768.png 768w, https:\/\/bernau1100.de\/wp-content\/uploads\/2026\/03\/bernau_1100_logo-1536x1536.png 1536w, https:\/\/bernau1100.de\/wp-content\/uploads\/2026\/03\/bernau_1100_logo.png 1860w\" sizes=\"auto, (max-width: 1024px) 100vw, 1024px\" \/><\/figure>\n\n\n\n<p><strong>Donnerstag 16. Juli 2026<\/strong><br><strong>18.00 Uhr Treffen <\/strong>der Vereine und Fahnenabordnungen zur Bierprobe am<br>Strandbadkiosk Lido. Anschlie\u00dfend Aufstellung des Festzuges mit der<br>Bernauer Musikkapelle, dem Pferdegespann der Brauerei Hofbr\u00e4uhaus<br>Traunstein und Schirmherrin B\u00fcrgermeisterin Irene Biebl-Daiber<br><strong>19.00 Uhr Er\u00f6ffnung der Festwoche<\/strong> \u201eBernau feiert 1100 Jahre\u201d. Bieranstich<br>durch 1. B\u00fcrgermeisterin Irene Biebl-Daiber<br><strong>20.30 Uhr Film \u201eBernau fr\u00fcher und heute\u201c<\/strong> von Naturfilmemacher Stefan<br>Erdmann. Musikalische Unterhaltung Musikkapelle Bernau, freier Eintritt.<\/p>\n\n\n\n<p><strong>Freitag, 17. Juli 2026<br>14.30 Uhr Seniorennachmittag. <\/strong>Gemeinde Bernau und Gewerbeverein<br>Bernau e.V. laden ein. Es spielt die Bernauer Musikgruppe Drei Grad Extra<br><strong>19.30 Uhr gro\u00dfes Weinfest.<\/strong> Dazu auch Bier vom Hofbr\u00e4uhaus Traunstein.<br>Es spielt die Oberkrainer Showband \u201eDie Lungauer \u201d. Der Eintritt ist frei.<\/p>\n\n\n\n<p><strong>Samstag 18. Juli 2026<br>14.00 Uhr Preisschafkopfen<\/strong> im Festzelt, mit tollen Preisen.<br><strong>19.00 Uhr Einlass<\/strong> f\u00fcr die Bayern 1 Party<br><strong>21.00 Uhr Bayern1 Party<\/strong> mit DJ J\u00fcrgen Kaul, Abendkasse 11\u20ac ,<br>Vorkasse 9\u20ac zzgl. VVK-Geb\u00fchr.<\/p>\n\n\n\n<p><strong>Sonntag 19. Juli 2016<br>8.30 Uhr Eintreffen<\/strong> der Vereine zum Wei\u00dfwurstfr\u00fchst\u00fcck<br><strong>9.30 Uhr Aufstellung<\/strong> zum Kirchenzug<br><strong>10.00 Uhr \u00d6kumenische Festgottesdienst<\/strong> im Strandbad-Kiosk Lido. Es<br>spielt die Musikkappelle Bernau. Es singt der eigens daf\u00fcr gegr\u00fcndete Chor<br>unter der Leitung von Bernadette Osterhammer.<br><strong>11.30 Uhr Fahrzeug Weihe<\/strong> der Freiwilligen Feuerwehr Bernau<br><strong>12.00 Uhr gemeinsames Mittagessen<\/strong> der Vereine. Es spielt die<br>Jugendkappelle Bernau<br><strong>14.00 Uhr Blaulicht Fest.<\/strong> Kinderfest der Schulen und Kinderg\u00e4rten Bernau<br>und Hittenkirchen.<br>Es spielt die \u201cAschauer Musi\u201d<br><strong>19.00 Uhr Besuch des Bayerischen Ministerpr\u00e4sidenten<\/strong> Dr. Markus S\u00f6der.<br>Es spielt die Musikkappelle Bernau. Der Eintritt ist frei.<\/p>\n\n\n\n<p><strong>Montag 20. Juli 2026<br>18.00 Uhr Tag der Betriebe und Vereine. <\/strong>Kesselfleisch Essen. Es l\u00e4dt ein die<br>Gemeinde Bernau und Gewerbeverein Bernau e. V.<br>Es spielt die Kultband die Magics. Der Eintritt ist frei.<br><strong>21.00 Uhr Verlosung<\/strong> der Biermarken mit gro\u00dfer Tombola. An allen<br>Festtagen wird f\u00fcr jedes im Zelt konsumierte Getr\u00e4nk ein Los ausgegeben.<\/p>\n\n\n<div class=\"brz-root__container\"><\/div>\n\n\n<p><strong>An allen f\u00fcnf Tagen ist auch die gro\u00dfe Beachbar, neben dem Festzelt gelegen, mit verschiedenen Cocktails und anderen Getr\u00e4nken ge\u00f6ffnet.<\/strong><\/p>\n\n\n\n<p><\/p>\n","protected":false},"excerpt":{"rendered":"<p>von Donnerstag, 16.07. bis Montag, 20.07.2026Veranstalter: Gewerbeverein Bernau e.V.Schirmherrin: 1. B\u00fcrgermeisterin Irene Biebl-Daiber (vorl\u00e4ufiges Programm) Donnerstag 16. Juli 202618.00 Uhr Treffen der Vereine und Fahnenabordnungen zur Bierprobe amStrandbadkiosk Lido. Anschlie\u00dfend Aufstellung des Festzuges mit derBernauer Musikkapelle, dem Pferdegespann der Brauerei Hofbr\u00e4uhausTraunstein und Schirmherrin B\u00fcrgermeisterin Irene Biebl-Daiber19.00 Uhr Er\u00f6ffnung der Festwoche \u201eBernau feiert 1100 Jahre\u201d. Bieranstichdurch [&hellip;]<\/p>\n","protected":false},"author":1,"featured_media":0,"parent":0,"menu_order":0,"comment_status":"closed","ping_status":"open","template":"","meta":{"footnotes":""},"class_list":["post-2","page","type-page","status-publish","hentry"],"yoast_head":"<!-- This site is optimized with the Yoast SEO plugin v27.5 - https:\/\/yoast.com\/product\/yoast-seo-wordpress\/ -->\n<title>Programm Festzelt zur 1100 Jahrfeier Bernau - 1100 Jahre Bernau am Chiemsee<\/title>\n<meta name=\"description\" content=\"von Donnerstag, 16.07. bis Montag, 20.07.2026. Veranstalter: Gewerbeverein Bernau e.V. Schirmherrin: 1. B\u00fcrgermeisterin Irene Biebl-Daiber\" \/>\n<meta name=\"robots\" content=\"index, follow, max-snippet:-1, max-image-preview:large, max-video-preview:-1\" \/>\n<link rel=\"canonical\" href=\"https:\/\/bernau1100.de\/?page_id=2\" \/>\n<meta property=\"og:locale\" content=\"en_US\" \/>\n<meta property=\"og:type\" content=\"article\" \/>\n<meta property=\"og:title\" content=\"Programm Festzelt zur 1100 Jahrfeier Bernau - 1100 Jahre Bernau am Chiemsee\" \/>\n<meta property=\"og:description\" content=\"von Donnerstag, 16.07. bis Montag, 20.07.2026. Veranstalter: Gewerbeverein Bernau e.V. Schirmherrin: 1. B\u00fcrgermeisterin Irene Biebl-Daiber\" \/>\n<meta property=\"og:url\" content=\"https:\/\/bernau1100.de\/?page_id=2\" \/>\n<meta property=\"og:site_name\" content=\"1100 Jahre Bernau am Chiemsee\" \/>\n<meta property=\"article:modified_time\" content=\"2026-03-15T06:50:26+00:00\" \/>\n<meta property=\"og:image\" content=\"https:\/\/bernau1100.de\/wp-content\/uploads\/2026\/03\/bernau_1100_logo.png\" \/>\n\t<meta property=\"og:image:width\" content=\"1860\" \/>\n\t<meta property=\"og:image:height\" content=\"1860\" \/>\n\t<meta property=\"og:image:type\" content=\"image\/png\" \/>\n<meta name=\"twitter:card\" content=\"summary_large_image\" \/>\n<meta name=\"twitter:label1\" content=\"Est. reading time\" \/>\n\t<meta name=\"twitter:data1\" content=\"2 minutes\" \/>\n<script type=\"application\/ld+json\" class=\"yoast-schema-graph\">{\"@context\":\"https:\\\/\\\/schema.org\",\"@graph\":[{\"@type\":\"WebPage\",\"@id\":\"https:\\\/\\\/bernau1100.de\\\/?page_id=2\",\"url\":\"https:\\\/\\\/bernau1100.de\\\/?page_id=2\",\"name\":\"Programm Festzelt zur 1100 Jahrfeier Bernau - 1100 Jahre Bernau am Chiemsee\",\"isPartOf\":{\"@id\":\"https:\\\/\\\/bernau1100.de\\\/#website\"},\"primaryImageOfPage\":{\"@id\":\"https:\\\/\\\/bernau1100.de\\\/?page_id=2#primaryimage\"},\"image\":{\"@id\":\"https:\\\/\\\/bernau1100.de\\\/?page_id=2#primaryimage\"},\"thumbnailUrl\":\"https:\\\/\\\/bernau1100.de\\\/wp-content\\\/uploads\\\/2026\\\/03\\\/bernau_1100_logo-1024x1024.png\",\"datePublished\":\"2026-03-13T05:42:40+00:00\",\"dateModified\":\"2026-03-15T06:50:26+00:00\",\"description\":\"von Donnerstag, 16.07. bis Montag, 20.07.2026. Veranstalter: Gewerbeverein Bernau e.V. Schirmherrin: 1. B\u00fcrgermeisterin Irene Biebl-Daiber\",\"breadcrumb\":{\"@id\":\"https:\\\/\\\/bernau1100.de\\\/?page_id=2#breadcrumb\"},\"inLanguage\":\"en-US\",\"potentialAction\":[{\"@type\":\"ReadAction\",\"target\":[\"https:\\\/\\\/bernau1100.de\\\/?page_id=2\"]}]},{\"@type\":\"ImageObject\",\"inLanguage\":\"en-US\",\"@id\":\"https:\\\/\\\/bernau1100.de\\\/?page_id=2#primaryimage\",\"url\":\"https:\\\/\\\/bernau1100.de\\\/wp-content\\\/uploads\\\/2026\\\/03\\\/bernau_1100_logo.png\",\"contentUrl\":\"https:\\\/\\\/bernau1100.de\\\/wp-content\\\/uploads\\\/2026\\\/03\\\/bernau_1100_logo.png\",\"width\":1860,\"height\":1860,\"caption\":\"Jubilarlogo Gemeinde Bernau 1100 Jahre\"},{\"@type\":\"BreadcrumbList\",\"@id\":\"https:\\\/\\\/bernau1100.de\\\/?page_id=2#breadcrumb\",\"itemListElement\":[{\"@type\":\"ListItem\",\"position\":1,\"name\":\"Home\",\"item\":\"https:\\\/\\\/bernau1100.de\\\/\"},{\"@type\":\"ListItem\",\"position\":2,\"name\":\"Programm Festzelt zur 1100 Jahrfeier Bernau\"}]},{\"@type\":\"WebSite\",\"@id\":\"https:\\\/\\\/bernau1100.de\\\/#website\",\"url\":\"https:\\\/\\\/bernau1100.de\\\/\",\"name\":\"1100 Jahre Bernau am Chiemsee\",\"description\":\"1100 Jahre Bernau am Chiemsee - Programm\",\"potentialAction\":[{\"@type\":\"SearchAction\",\"target\":{\"@type\":\"EntryPoint\",\"urlTemplate\":\"https:\\\/\\\/bernau1100.de\\\/?s={search_term_string}\"},\"query-input\":{\"@type\":\"PropertyValueSpecification\",\"valueRequired\":true,\"valueName\":\"search_term_string\"}}],\"inLanguage\":\"en-US\"}]}<\/script>\n<!-- \/ Yoast SEO plugin. -->","yoast_head_json":{"title":"Programm Festzelt zur 1100 Jahrfeier Bernau - 1100 Jahre Bernau am Chiemsee","description":"von Donnerstag, 16.07. bis Montag, 20.07.2026. Veranstalter: Gewerbeverein Bernau e.V. Schirmherrin: 1. B\u00fcrgermeisterin Irene Biebl-Daiber","robots":{"index":"index","follow":"follow","max-snippet":"max-snippet:-1","max-image-preview":"max-image-preview:large","max-video-preview":"max-video-preview:-1"},"canonical":"https:\/\/bernau1100.de\/?page_id=2","og_locale":"en_US","og_type":"article","og_title":"Programm Festzelt zur 1100 Jahrfeier Bernau - 1100 Jahre Bernau am Chiemsee","og_description":"von Donnerstag, 16.07. bis Montag, 20.07.2026. Veranstalter: Gewerbeverein Bernau e.V. Schirmherrin: 1. B\u00fcrgermeisterin Irene Biebl-Daiber","og_url":"https:\/\/bernau1100.de\/?page_id=2","og_site_name":"1100 Jahre Bernau am Chiemsee","article_modified_time":"2026-03-15T06:50:26+00:00","og_image":[{"width":1860,"height":1860,"url":"https:\/\/bernau1100.de\/wp-content\/uploads\/2026\/03\/bernau_1100_logo.png","type":"image\/png"}],"twitter_card":"summary_large_image","twitter_misc":{"Est. reading time":"2 minutes"},"schema":{"@context":"https:\/\/schema.org","@graph":[{"@type":"WebPage","@id":"https:\/\/bernau1100.de\/?page_id=2","url":"https:\/\/bernau1100.de\/?page_id=2","name":"Programm Festzelt zur 1100 Jahrfeier Bernau - 1100 Jahre Bernau am Chiemsee","isPartOf":{"@id":"https:\/\/bernau1100.de\/#website"},"primaryImageOfPage":{"@id":"https:\/\/bernau1100.de\/?page_id=2#primaryimage"},"image":{"@id":"https:\/\/bernau1100.de\/?page_id=2#primaryimage"},"thumbnailUrl":"https:\/\/bernau1100.de\/wp-content\/uploads\/2026\/03\/bernau_1100_logo-1024x1024.png","datePublished":"2026-03-13T05:42:40+00:00","dateModified":"2026-03-15T06:50:26+00:00","description":"von Donnerstag, 16.07. bis Montag, 20.07.2026. Veranstalter: Gewerbeverein Bernau e.V. Schirmherrin: 1. B\u00fcrgermeisterin Irene Biebl-Daiber","breadcrumb":{"@id":"https:\/\/bernau1100.de\/?page_id=2#breadcrumb"},"inLanguage":"en-US","potentialAction":[{"@type":"ReadAction","target":["https:\/\/bernau1100.de\/?page_id=2"]}]},{"@type":"ImageObject","inLanguage":"en-US","@id":"https:\/\/bernau1100.de\/?page_id=2#primaryimage","url":"https:\/\/bernau1100.de\/wp-content\/uploads\/2026\/03\/bernau_1100_logo.png","contentUrl":"https:\/\/bernau1100.de\/wp-content\/uploads\/2026\/03\/bernau_1100_logo.png","width":1860,"height":1860,"caption":"Jubilarlogo Gemeinde Bernau 1100 Jahre"},{"@type":"BreadcrumbList","@id":"https:\/\/bernau1100.de\/?page_id=2#breadcrumb","itemListElement":[{"@type":"ListItem","position":1,"name":"Home","item":"https:\/\/bernau1100.de\/"},{"@type":"ListItem","position":2,"name":"Programm Festzelt zur 1100 Jahrfeier Bernau"}]},{"@type":"WebSite","@id":"https:\/\/bernau1100.de\/#website","url":"https:\/\/bernau1100.de\/","name":"1100 Jahre Bernau am Chiemsee","description":"1100 Jahre Bernau am Chiemsee - Programm","potentialAction":[{"@type":"SearchAction","target":{"@type":"EntryPoint","urlTemplate":"https:\/\/bernau1100.de\/?s={search_term_string}"},"query-input":{"@type":"PropertyValueSpecification","valueRequired":true,"valueName":"search_term_string"}}],"inLanguage":"en-US"}]}},"_links":{"self":[{"href":"https:\/\/bernau1100.de\/index.php?rest_route=\/wp\/v2\/pages\/2","targetHints":{"allow":["GET"]}}],"collection":[{"href":"https:\/\/bernau1100.de\/index.php?rest_route=\/wp\/v2\/pages"}],"about":[{"href":"https:\/\/bernau1100.de\/index.php?rest_route=\/wp\/v2\/types\/page"}],"author":[{"embeddable":true,"href":"https:\/\/bernau1100.de\/index.php?rest_route=\/wp\/v2\/users\/1"}],"replies":[{"embeddable":true,"href":"https:\/\/bernau1100.de\/index.php?rest_route=%2Fwp%2Fv2%2Fcomments&post=2"}],"version-history":[{"count":3,"href":"https:\/\/bernau1100.de\/index.php?rest_route=\/wp\/v2\/pages\/2\/revisions"}],"predecessor-version":[{"id":40,"href":"https:\/\/bernau1100.de\/index.php?rest_route=\/wp\/v2\/pages\/2\/revisions\/40"}],"wp:attachment":[{"href":"https:\/\/bernau1100.de\/index.php?rest_route=%2Fwp%2Fv2%2Fmedia&parent=2"}],"curies":[{"name":"wp","href":"https:\/\/api.w.org\/{rel}","templated":true}]}}